{"id":491,"date":"2026-04-04T11:57:52","date_gmt":"2026-04-04T11:57:52","guid":{"rendered":"https:\/\/zwhosting.tr\/?product=mor-menekse"},"modified":"2026-04-04T11:57:52","modified_gmt":"2026-04-04T11:57:52","slug":"mor-menekse","status":"publish","type":"product","link":"https:\/\/zwhosting.tr\/?product=mor-menekse","title":{"rendered":"Mor Menek\u015fe"},"content":{"rendered":"","protected":false},"excerpt":{"rendered":"<p>Tatl\u0131 dekor \u00e7i\u00e7e\u011fi<\/p>\n","protected":false},"featured_media":0,"template":"","meta":[],"product_brand":[],"product_cat":[69],"product_tag":[98],"class_list":{"0":"post-491","1":"product","2":"type-product","3":"status-publish","5":"product_cat-yenilebilir-cicekler","6":"product_tag-violet","7":"clearfix","9":"first","10":"instock","11":"shipping-taxable","12":"purchasable","13":"product-type-simple"},"_links":{"self":[{"href":"https:\/\/zwhosting.tr\/index.php?rest_route=\/wp\/v2\/product\/491","targetHints":{"allow":["GET"]}}],"collection":[{"href":"https:\/\/zwhosting.tr\/index.php?rest_route=\/wp\/v2\/product"}],"about":[{"href":"https:\/\/zwhosting.tr\/index.php?rest_route=\/wp\/v2\/types\/product"}],"wp:attachment":[{"href":"https:\/\/zwhosting.tr\/index.php?rest_route=%2Fwp%2Fv2%2Fmedia&parent=491"}],"wp:term":[{"taxonomy":"product_brand","embeddable":true,"href":"https:\/\/zwhosting.tr\/index.php?rest_route=%2Fwp%2Fv2%2Fproduct_brand&post=491"},{"taxonomy":"product_cat","embeddable":true,"href":"https:\/\/zwhosting.tr\/index.php?rest_route=%2Fwp%2Fv2%2Fproduct_cat&post=491"},{"taxonomy":"product_tag","embeddable":true,"href":"https:\/\/zwhosting.tr\/index.php?rest_route=%2Fwp%2Fv2%2Fproduct_tag&post=491"}],"curies":[{"name":"wp","href":"https:\/\/api.w.org\/{rel}","templated":true}]}}