{"id":492,"date":"2026-04-04T11:57:52","date_gmt":"2026-04-04T11:57:52","guid":{"rendered":"https:\/\/zwhosting.tr\/?product=salatalik-cicegi"},"modified":"2026-04-04T11:57:52","modified_gmt":"2026-04-04T11:57:52","slug":"salatalik-cicegi","status":"publish","type":"product","link":"https:\/\/zwhosting.tr\/?product=salatalik-cicegi","title":{"rendered":"Salatal\u0131k \u00c7i\u00e7e\u011fi"},"content":{"rendered":"","protected":false},"excerpt":{"rendered":"<p>Taze \u00e7i\u00e7ek<\/p>\n","protected":false},"featured_media":0,"template":"","meta":[],"product_brand":[],"product_cat":[123],"product_tag":[104],"class_list":{"0":"post-492","1":"product","2":"type-product","3":"status-publish","5":"product_cat-mikro-yesillikler","6":"product_tag-cucumber","7":"clearfix","9":"first","10":"instock","11":"shipping-taxable","12":"purchasable","13":"product-type-simple"},"_links":{"self":[{"href":"https:\/\/zwhosting.tr\/index.php?rest_route=\/wp\/v2\/product\/492","targetHints":{"allow":["GET"]}}],"collection":[{"href":"https:\/\/zwhosting.tr\/index.php?rest_route=\/wp\/v2\/product"}],"about":[{"href":"https:\/\/zwhosting.tr\/index.php?rest_route=\/wp\/v2\/types\/product"}],"wp:attachment":[{"href":"https:\/\/zwhosting.tr\/index.php?rest_route=%2Fwp%2Fv2%2Fmedia&parent=492"}],"wp:term":[{"taxonomy":"product_brand","embeddable":true,"href":"https:\/\/zwhosting.tr\/index.php?rest_route=%2Fwp%2Fv2%2Fproduct_brand&post=492"},{"taxonomy":"product_cat","embeddable":true,"href":"https:\/\/zwhosting.tr\/index.php?rest_route=%2Fwp%2Fv2%2Fproduct_cat&post=492"},{"taxonomy":"product_tag","embeddable":true,"href":"https:\/\/zwhosting.tr\/index.php?rest_route=%2Fwp%2Fv2%2Fproduct_tag&post=492"}],"curies":[{"name":"wp","href":"https:\/\/api.w.org\/{rel}","templated":true}]}}