{"id":507,"date":"2026-04-04T12:04:14","date_gmt":"2026-04-04T12:04:14","guid":{"rendered":"https:\/\/zwhosting.tr\/?product=mor-menekse-2"},"modified":"2026-04-04T12:04:14","modified_gmt":"2026-04-04T12:04:14","slug":"mor-menekse-2","status":"publish","type":"product","link":"https:\/\/zwhosting.tr\/?product=mor-menekse-2","title":{"rendered":"Mor Menek\u015fe"},"content":{"rendered":"","protected":false},"excerpt":{"rendered":"<p>Tatl\u0131 dekor \u00e7i\u00e7e\u011fi<\/p>\n","protected":false},"featured_media":0,"template":"","meta":[],"product_brand":[],"product_cat":[124],"product_tag":[98],"class_list":{"0":"post-507","1":"product","2":"type-product","3":"status-publish","5":"product_cat-klasik-cicekler","6":"product_tag-violet","7":"clearfix","9":"first","10":"instock","11":"shipping-taxable","12":"purchasable","13":"product-type-simple"},"_links":{"self":[{"href":"https:\/\/zwhosting.tr\/index.php?rest_route=\/wp\/v2\/product\/507","targetHints":{"allow":["GET"]}}],"collection":[{"href":"https:\/\/zwhosting.tr\/index.php?rest_route=\/wp\/v2\/product"}],"about":[{"href":"https:\/\/zwhosting.tr\/index.php?rest_route=\/wp\/v2\/types\/product"}],"wp:attachment":[{"href":"https:\/\/zwhosting.tr\/index.php?rest_route=%2Fwp%2Fv2%2Fmedia&parent=507"}],"wp:term":[{"taxonomy":"product_brand","embeddable":true,"href":"https:\/\/zwhosting.tr\/index.php?rest_route=%2Fwp%2Fv2%2Fproduct_brand&post=507"},{"taxonomy":"product_cat","embeddable":true,"href":"https:\/\/zwhosting.tr\/index.php?rest_route=%2Fwp%2Fv2%2Fproduct_cat&post=507"},{"taxonomy":"product_tag","embeddable":true,"href":"https:\/\/zwhosting.tr\/index.php?rest_route=%2Fwp%2Fv2%2Fproduct_tag&post=507"}],"curies":[{"name":"wp","href":"https:\/\/api.w.org\/{rel}","templated":true}]}}