{"id":523,"date":"2026-04-04T12:04:15","date_gmt":"2026-04-04T12:04:15","guid":{"rendered":"https:\/\/zwhosting.tr\/?product=gul-yapragi-kirmizi-2"},"modified":"2026-04-04T12:04:15","modified_gmt":"2026-04-04T12:04:15","slug":"gul-yapragi-kirmizi-2","status":"publish","type":"product","link":"https:\/\/zwhosting.tr\/?product=gul-yapragi-kirmizi-2","title":{"rendered":"G\u00fcl Yapra\u011f\u0131 K\u0131rm\u0131z\u0131"},"content":{"rendered":"","protected":false},"excerpt":{"rendered":"<p>Premium g\u00fcl<\/p>\n","protected":false},"featured_media":0,"template":"","meta":[],"product_brand":[],"product_cat":[114],"product_tag":[109],"class_list":{"0":"post-523","1":"product","2":"type-product","3":"status-publish","5":"product_cat-premium-cicekler","6":"product_tag-rose","7":"clearfix","9":"first","10":"instock","11":"shipping-taxable","12":"purchasable","13":"product-type-simple"},"_links":{"self":[{"href":"https:\/\/zwhosting.tr\/index.php?rest_route=\/wp\/v2\/product\/523","targetHints":{"allow":["GET"]}}],"collection":[{"href":"https:\/\/zwhosting.tr\/index.php?rest_route=\/wp\/v2\/product"}],"about":[{"href":"https:\/\/zwhosting.tr\/index.php?rest_route=\/wp\/v2\/types\/product"}],"wp:attachment":[{"href":"https:\/\/zwhosting.tr\/index.php?rest_route=%2Fwp%2Fv2%2Fmedia&parent=523"}],"wp:term":[{"taxonomy":"product_brand","embeddable":true,"href":"https:\/\/zwhosting.tr\/index.php?rest_route=%2Fwp%2Fv2%2Fproduct_brand&post=523"},{"taxonomy":"product_cat","embeddable":true,"href":"https:\/\/zwhosting.tr\/index.php?rest_route=%2Fwp%2Fv2%2Fproduct_cat&post=523"},{"taxonomy":"product_tag","embeddable":true,"href":"https:\/\/zwhosting.tr\/index.php?rest_route=%2Fwp%2Fv2%2Fproduct_tag&post=523"}],"curies":[{"name":"wp","href":"https:\/\/api.w.org\/{rel}","templated":true}]}}