{"id":529,"date":"2026-04-04T12:10:29","date_gmt":"2026-04-04T12:10:29","guid":{"rendered":"https:\/\/zwhosting.tr\/?product=beni-unutma-cicegi-3"},"modified":"2026-04-04T12:10:29","modified_gmt":"2026-04-04T12:10:29","slug":"beni-unutma-cicegi-3","status":"publish","type":"product","link":"https:\/\/zwhosting.tr\/?product=beni-unutma-cicegi-3","title":{"rendered":"Beni Unutma \u00c7i\u00e7e\u011fi"},"content":{"rendered":"<p>Beni unutma \u00e7i\u00e7e\u011fi gastronomide dekoratif ve aromatik kullan\u0131m i\u00e7in yeti\u015ftirilir. Hafif \u00e7i\u00e7eksi tad\u0131 ile tatl\u0131 ve tabak sunumlar\u0131n\u0131 zenginle\u015ftirir.<\/p>\n","protected":false},"excerpt":{"rendered":"<p>Mavi aromatik yenilebilir \u00e7i\u00e7ek<\/p>\n","protected":false},"featured_media":0,"template":"","meta":[],"product_brand":[],"product_cat":[124],"product_tag":[97,96,125],"class_list":{"0":"post-529","1":"product","2":"type-product","3":"status-publish","5":"product_cat-klasik-cicekler","6":"product_tag-blue","7":"product_tag-edible","8":"product_tag-flower","9":"clearfix","11":"first","12":"instock","13":"shipping-taxable","14":"purchasable","15":"product-type-simple"},"_links":{"self":[{"href":"https:\/\/zwhosting.tr\/index.php?rest_route=\/wp\/v2\/product\/529","targetHints":{"allow":["GET"]}}],"collection":[{"href":"https:\/\/zwhosting.tr\/index.php?rest_route=\/wp\/v2\/product"}],"about":[{"href":"https:\/\/zwhosting.tr\/index.php?rest_route=\/wp\/v2\/types\/product"}],"wp:attachment":[{"href":"https:\/\/zwhosting.tr\/index.php?rest_route=%2Fwp%2Fv2%2Fmedia&parent=529"}],"wp:term":[{"taxonomy":"product_brand","embeddable":true,"href":"https:\/\/zwhosting.tr\/index.php?rest_route=%2Fwp%2Fv2%2Fproduct_brand&post=529"},{"taxonomy":"product_cat","embeddable":true,"href":"https:\/\/zwhosting.tr\/index.php?rest_route=%2Fwp%2Fv2%2Fproduct_cat&post=529"},{"taxonomy":"product_tag","embeddable":true,"href":"https:\/\/zwhosting.tr\/index.php?rest_route=%2Fwp%2Fv2%2Fproduct_tag&post=529"}],"curies":[{"name":"wp","href":"https:\/\/api.w.org\/{rel}","templated":true}]}}