{"id":530,"date":"2026-04-04T12:10:30","date_gmt":"2026-04-04T12:10:30","guid":{"rendered":"https:\/\/zwhosting.tr\/?product=kabak-cicegi-3"},"modified":"2026-04-04T12:10:30","modified_gmt":"2026-04-04T12:10:30","slug":"kabak-cicegi-3","status":"publish","type":"product","link":"https:\/\/zwhosting.tr\/?product=kabak-cicegi-3","title":{"rendered":"Kabak \u00c7i\u00e7e\u011fi"},"content":{"rendered":"<p>Kabak \u00e7i\u00e7e\u011fi \u00f6zellikle Akdeniz mutfa\u011f\u0131nda dolma ve k\u0131zartma olarak kullan\u0131l\u0131r. Yumu\u015fak dokusu ve hafif aromas\u0131 ile gurme tabaklarda tercih edilir.<\/p>\n","protected":false},"excerpt":{"rendered":"<p>Taze kabak \u00e7i\u00e7e\u011fi<\/p>\n","protected":false},"featured_media":0,"template":"","meta":[],"product_brand":[],"product_cat":[124],"product_tag":[125,99],"class_list":{"0":"post-530","1":"product","2":"type-product","3":"status-publish","5":"product_cat-klasik-cicekler","6":"product_tag-flower","7":"product_tag-zucchini","8":"clearfix","10":"first","11":"instock","12":"shipping-taxable","13":"purchasable","14":"product-type-simple"},"_links":{"self":[{"href":"https:\/\/zwhosting.tr\/index.php?rest_route=\/wp\/v2\/product\/530","targetHints":{"allow":["GET"]}}],"collection":[{"href":"https:\/\/zwhosting.tr\/index.php?rest_route=\/wp\/v2\/product"}],"about":[{"href":"https:\/\/zwhosting.tr\/index.php?rest_route=\/wp\/v2\/types\/product"}],"wp:attachment":[{"href":"https:\/\/zwhosting.tr\/index.php?rest_route=%2Fwp%2Fv2%2Fmedia&parent=530"}],"wp:term":[{"taxonomy":"product_brand","embeddable":true,"href":"https:\/\/zwhosting.tr\/index.php?rest_route=%2Fwp%2Fv2%2Fproduct_brand&post=530"},{"taxonomy":"product_cat","embeddable":true,"href":"https:\/\/zwhosting.tr\/index.php?rest_route=%2Fwp%2Fv2%2Fproduct_cat&post=530"},{"taxonomy":"product_tag","embeddable":true,"href":"https:\/\/zwhosting.tr\/index.php?rest_route=%2Fwp%2Fv2%2Fproduct_tag&post=530"}],"curies":[{"name":"wp","href":"https:\/\/api.w.org\/{rel}","templated":true}]}}