{"id":535,"date":"2026-04-04T12:10:31","date_gmt":"2026-04-04T12:10:31","guid":{"rendered":"https:\/\/zwhosting.tr\/?product=salatalik-filizi-2"},"modified":"2026-04-04T12:10:31","modified_gmt":"2026-04-04T12:10:31","slug":"salatalik-filizi-2","status":"publish","type":"product","link":"https:\/\/zwhosting.tr\/?product=salatalik-filizi-2","title":{"rendered":"Salatal\u0131k Filizi"},"content":{"rendered":"<p>Salatal\u0131k filizi hafif aromas\u0131 ve \u00e7\u0131t\u0131r dokusu ile salatalarda kullan\u0131l\u0131r.<\/p>\n","protected":false},"excerpt":{"rendered":"<p>Taze filiz<\/p>\n","protected":false},"featured_media":0,"template":"","meta":[],"product_brand":[],"product_cat":[128],"product_tag":[104,136],"class_list":{"0":"post-535","1":"product","2":"type-product","3":"status-publish","5":"product_cat-filizler","6":"product_tag-cucumber","7":"product_tag-sprout","8":"clearfix","10":"first","11":"instock","12":"shipping-taxable","13":"purchasable","14":"product-type-simple"},"_links":{"self":[{"href":"https:\/\/zwhosting.tr\/index.php?rest_route=\/wp\/v2\/product\/535","targetHints":{"allow":["GET"]}}],"collection":[{"href":"https:\/\/zwhosting.tr\/index.php?rest_route=\/wp\/v2\/product"}],"about":[{"href":"https:\/\/zwhosting.tr\/index.php?rest_route=\/wp\/v2\/types\/product"}],"wp:attachment":[{"href":"https:\/\/zwhosting.tr\/index.php?rest_route=%2Fwp%2Fv2%2Fmedia&parent=535"}],"wp:term":[{"taxonomy":"product_brand","embeddable":true,"href":"https:\/\/zwhosting.tr\/index.php?rest_route=%2Fwp%2Fv2%2Fproduct_brand&post=535"},{"taxonomy":"product_cat","embeddable":true,"href":"https:\/\/zwhosting.tr\/index.php?rest_route=%2Fwp%2Fv2%2Fproduct_cat&post=535"},{"taxonomy":"product_tag","embeddable":true,"href":"https:\/\/zwhosting.tr\/index.php?rest_route=%2Fwp%2Fv2%2Fproduct_tag&post=535"}],"curies":[{"name":"wp","href":"https:\/\/api.w.org\/{rel}","templated":true}]}}