{"id":538,"date":"2026-04-04T12:10:31","date_gmt":"2026-04-04T12:10:31","guid":{"rendered":"https:\/\/zwhosting.tr\/?product=reyhan-cicegi-3"},"modified":"2026-04-04T12:10:31","modified_gmt":"2026-04-04T12:10:31","slug":"reyhan-cicegi-3","status":"publish","type":"product","link":"https:\/\/zwhosting.tr\/?product=reyhan-cicegi-3","title":{"rendered":"Reyhan \u00c7i\u00e7e\u011fi"},"content":{"rendered":"<p>Reyhan \u00e7i\u00e7e\u011fi \u00f6zellikle Akdeniz mutfa\u011f\u0131nda kullan\u0131lan g\u00fc\u00e7l\u00fc aromal\u0131 bir ottur.<\/p>\n","protected":false},"excerpt":{"rendered":"<p>Aromatik reyhan<\/p>\n","protected":false},"featured_media":0,"template":"","meta":[],"product_brand":[],"product_cat":[137],"product_tag":[111,138],"class_list":{"0":"post-538","1":"product","2":"type-product","3":"status-publish","5":"product_cat-otlar","6":"product_tag-basil","7":"product_tag-herb","8":"clearfix","10":"first","11":"instock","12":"shipping-taxable","13":"purchasable","14":"product-type-simple"},"_links":{"self":[{"href":"https:\/\/zwhosting.tr\/index.php?rest_route=\/wp\/v2\/product\/538","targetHints":{"allow":["GET"]}}],"collection":[{"href":"https:\/\/zwhosting.tr\/index.php?rest_route=\/wp\/v2\/product"}],"about":[{"href":"https:\/\/zwhosting.tr\/index.php?rest_route=\/wp\/v2\/types\/product"}],"wp:attachment":[{"href":"https:\/\/zwhosting.tr\/index.php?rest_route=%2Fwp%2Fv2%2Fmedia&parent=538"}],"wp:term":[{"taxonomy":"product_brand","embeddable":true,"href":"https:\/\/zwhosting.tr\/index.php?rest_route=%2Fwp%2Fv2%2Fproduct_brand&post=538"},{"taxonomy":"product_cat","embeddable":true,"href":"https:\/\/zwhosting.tr\/index.php?rest_route=%2Fwp%2Fv2%2Fproduct_cat&post=538"},{"taxonomy":"product_tag","embeddable":true,"href":"https:\/\/zwhosting.tr\/index.php?rest_route=%2Fwp%2Fv2%2Fproduct_tag&post=538"}],"curies":[{"name":"wp","href":"https:\/\/api.w.org\/{rel}","templated":true}]}}