{"id":539,"date":"2026-04-04T12:10:31","date_gmt":"2026-04-04T12:10:31","guid":{"rendered":"https:\/\/zwhosting.tr\/?product=orkide-mor-3"},"modified":"2026-04-04T12:10:31","modified_gmt":"2026-04-04T12:10:31","slug":"orkide-mor-3","status":"publish","type":"product","link":"https:\/\/zwhosting.tr\/?product=orkide-mor-3","title":{"rendered":"Orkide Mor"},"content":{"rendered":"<p>Mor orkide y\u00fcksek dekoratif de\u011feri olan premium bir \u00e7i\u00e7ektir.<\/p>\n","protected":false},"excerpt":{"rendered":"<p>L\u00fcks orkide<\/p>\n","protected":false},"featured_media":0,"template":"","meta":[],"product_brand":[],"product_cat":[131],"product_tag":[139,118],"class_list":{"0":"post-539","1":"product","2":"type-product","3":"status-publish","5":"product_cat-tropikal","6":"product_tag-luxury","7":"product_tag-orchid","8":"clearfix","10":"first","11":"instock","12":"shipping-taxable","13":"purchasable","14":"product-type-simple"},"_links":{"self":[{"href":"https:\/\/zwhosting.tr\/index.php?rest_route=\/wp\/v2\/product\/539","targetHints":{"allow":["GET"]}}],"collection":[{"href":"https:\/\/zwhosting.tr\/index.php?rest_route=\/wp\/v2\/product"}],"about":[{"href":"https:\/\/zwhosting.tr\/index.php?rest_route=\/wp\/v2\/types\/product"}],"wp:attachment":[{"href":"https:\/\/zwhosting.tr\/index.php?rest_route=%2Fwp%2Fv2%2Fmedia&parent=539"}],"wp:term":[{"taxonomy":"product_brand","embeddable":true,"href":"https:\/\/zwhosting.tr\/index.php?rest_route=%2Fwp%2Fv2%2Fproduct_brand&post=539"},{"taxonomy":"product_cat","embeddable":true,"href":"https:\/\/zwhosting.tr\/index.php?rest_route=%2Fwp%2Fv2%2Fproduct_cat&post=539"},{"taxonomy":"product_tag","embeddable":true,"href":"https:\/\/zwhosting.tr\/index.php?rest_route=%2Fwp%2Fv2%2Fproduct_tag&post=539"}],"curies":[{"name":"wp","href":"https:\/\/api.w.org\/{rel}","templated":true}]}}