{"id":540,"date":"2026-04-04T12:10:31","date_gmt":"2026-04-04T12:10:31","guid":{"rendered":"https:\/\/zwhosting.tr\/?product=cennet-kusu-3"},"modified":"2026-04-04T12:10:31","modified_gmt":"2026-04-04T12:10:31","slug":"cennet-kusu-3","status":"publish","type":"product","link":"https:\/\/zwhosting.tr\/?product=cennet-kusu-3","title":{"rendered":"Cennet Ku\u015fu"},"content":{"rendered":"<p>Cennet ku\u015fu \u00e7i\u00e7e\u011fi tropikal g\u00f6r\u00fcn\u00fcm\u00fc ile dekoratif kullan\u0131m i\u00e7in uygundur.<\/p>\n","protected":false},"excerpt":{"rendered":"<p>Egzotik \u00e7i\u00e7ek<\/p>\n","protected":false},"featured_media":0,"template":"","meta":[],"product_brand":[],"product_cat":[131],"product_tag":[121,120],"class_list":{"0":"post-540","1":"product","2":"type-product","3":"status-publish","5":"product_cat-tropikal","6":"product_tag-exotic","7":"product_tag-strelitzia","8":"clearfix","10":"first","11":"instock","12":"shipping-taxable","13":"purchasable","14":"product-type-simple"},"_links":{"self":[{"href":"https:\/\/zwhosting.tr\/index.php?rest_route=\/wp\/v2\/product\/540","targetHints":{"allow":["GET"]}}],"collection":[{"href":"https:\/\/zwhosting.tr\/index.php?rest_route=\/wp\/v2\/product"}],"about":[{"href":"https:\/\/zwhosting.tr\/index.php?rest_route=\/wp\/v2\/types\/product"}],"wp:attachment":[{"href":"https:\/\/zwhosting.tr\/index.php?rest_route=%2Fwp%2Fv2%2Fmedia&parent=540"}],"wp:term":[{"taxonomy":"product_brand","embeddable":true,"href":"https:\/\/zwhosting.tr\/index.php?rest_route=%2Fwp%2Fv2%2Fproduct_brand&post=540"},{"taxonomy":"product_cat","embeddable":true,"href":"https:\/\/zwhosting.tr\/index.php?rest_route=%2Fwp%2Fv2%2Fproduct_cat&post=540"},{"taxonomy":"product_tag","embeddable":true,"href":"https:\/\/zwhosting.tr\/index.php?rest_route=%2Fwp%2Fv2%2Fproduct_tag&post=540"}],"curies":[{"name":"wp","href":"https:\/\/api.w.org\/{rel}","templated":true}]}}