{"id":542,"date":"2026-04-04T12:10:31","date_gmt":"2026-04-04T12:10:31","guid":{"rendered":"https:\/\/zwhosting.tr\/?product=gul-yapragi-kirmizi-3"},"modified":"2026-04-04T12:10:31","modified_gmt":"2026-04-04T12:10:31","slug":"gul-yapragi-kirmizi-3","status":"publish","type":"product","link":"https:\/\/zwhosting.tr\/?product=gul-yapragi-kirmizi-3","title":{"rendered":"G\u00fcl Yapra\u011f\u0131 K\u0131rm\u0131z\u0131"},"content":{"rendered":"<p>K\u0131rm\u0131z\u0131 g\u00fcl yapraklar\u0131 l\u00fcks sunumlar ve \u00f6zel etkinliklerde kullan\u0131l\u0131r.<\/p>\n","protected":false},"excerpt":{"rendered":"<p>Premium g\u00fcl yapra\u011f\u0131<\/p>\n","protected":false},"featured_media":0,"template":"","meta":[],"product_brand":[],"product_cat":[140],"product_tag":[139,109],"class_list":{"0":"post-542","1":"product","2":"type-product","3":"status-publish","5":"product_cat-ozel-koleksiyon","6":"product_tag-luxury","7":"product_tag-rose","8":"clearfix","10":"first","11":"instock","12":"shipping-taxable","13":"purchasable","14":"product-type-simple"},"_links":{"self":[{"href":"https:\/\/zwhosting.tr\/index.php?rest_route=\/wp\/v2\/product\/542","targetHints":{"allow":["GET"]}}],"collection":[{"href":"https:\/\/zwhosting.tr\/index.php?rest_route=\/wp\/v2\/product"}],"about":[{"href":"https:\/\/zwhosting.tr\/index.php?rest_route=\/wp\/v2\/types\/product"}],"wp:attachment":[{"href":"https:\/\/zwhosting.tr\/index.php?rest_route=%2Fwp%2Fv2%2Fmedia&parent=542"}],"wp:term":[{"taxonomy":"product_brand","embeddable":true,"href":"https:\/\/zwhosting.tr\/index.php?rest_route=%2Fwp%2Fv2%2Fproduct_brand&post=542"},{"taxonomy":"product_cat","embeddable":true,"href":"https:\/\/zwhosting.tr\/index.php?rest_route=%2Fwp%2Fv2%2Fproduct_cat&post=542"},{"taxonomy":"product_tag","embeddable":true,"href":"https:\/\/zwhosting.tr\/index.php?rest_route=%2Fwp%2Fv2%2Fproduct_tag&post=542"}],"curies":[{"name":"wp","href":"https:\/\/api.w.org\/{rel}","templated":true}]}}