{"id":543,"date":"2026-04-04T12:10:31","date_gmt":"2026-04-04T12:10:31","guid":{"rendered":"https:\/\/zwhosting.tr\/?product=kiraz-cicegi-3"},"modified":"2026-04-04T12:10:31","modified_gmt":"2026-04-04T12:10:31","slug":"kiraz-cicegi-3","status":"publish","type":"product","link":"https:\/\/zwhosting.tr\/?product=kiraz-cicegi-3","title":{"rendered":"Kiraz \u00c7i\u00e7e\u011fi"},"content":{"rendered":"<p>Kiraz \u00e7i\u00e7e\u011fi Japon k\u00fclt\u00fcr\u00fcnde premium dekoratif \u00e7i\u00e7ektir.<\/p>\n","protected":false},"excerpt":{"rendered":"<p>Sakura \u00e7i\u00e7e\u011fi<\/p>\n","protected":false},"featured_media":0,"template":"","meta":[],"product_brand":[],"product_cat":[140],"product_tag":[141,115],"class_list":{"0":"post-543","1":"product","2":"type-product","3":"status-publish","5":"product_cat-ozel-koleksiyon","6":"product_tag-premium","7":"product_tag-sakura","8":"clearfix","10":"first","11":"instock","12":"shipping-taxable","13":"purchasable","14":"product-type-simple"},"_links":{"self":[{"href":"https:\/\/zwhosting.tr\/index.php?rest_route=\/wp\/v2\/product\/543","targetHints":{"allow":["GET"]}}],"collection":[{"href":"https:\/\/zwhosting.tr\/index.php?rest_route=\/wp\/v2\/product"}],"about":[{"href":"https:\/\/zwhosting.tr\/index.php?rest_route=\/wp\/v2\/types\/product"}],"wp:attachment":[{"href":"https:\/\/zwhosting.tr\/index.php?rest_route=%2Fwp%2Fv2%2Fmedia&parent=543"}],"wp:term":[{"taxonomy":"product_brand","embeddable":true,"href":"https:\/\/zwhosting.tr\/index.php?rest_route=%2Fwp%2Fv2%2Fproduct_brand&post=543"},{"taxonomy":"product_cat","embeddable":true,"href":"https:\/\/zwhosting.tr\/index.php?rest_route=%2Fwp%2Fv2%2Fproduct_cat&post=543"},{"taxonomy":"product_tag","embeddable":true,"href":"https:\/\/zwhosting.tr\/index.php?rest_route=%2Fwp%2Fv2%2Fproduct_tag&post=543"}],"curies":[{"name":"wp","href":"https:\/\/api.w.org\/{rel}","templated":true}]}}