{"id":545,"date":"2026-04-04T12:40:10","date_gmt":"2026-04-04T12:40:10","guid":{"rendered":"https:\/\/zwhosting.tr\/?product=beni-unutma-cicegi-4"},"modified":"2026-04-04T12:40:10","modified_gmt":"2026-04-04T12:40:10","slug":"beni-unutma-cicegi-4","status":"publish","type":"product","link":"https:\/\/zwhosting.tr\/?product=beni-unutma-cicegi-4","title":{"rendered":"Beni Unutma \u00c7i\u00e7e\u011fi"},"content":{"rendered":"<p>Gurme sunumlarda kullan\u0131lan hafif aromal\u0131 yenilebilir \u00e7i\u00e7ek.<\/p>\n","protected":false},"excerpt":{"rendered":"<p>Mavi aromatik \u00e7i\u00e7ek<\/p>\n","protected":false},"featured_media":0,"template":"","meta":[],"product_brand":[],"product_cat":[69],"product_tag":[96,125],"class_list":{"0":"post-545","1":"product","2":"type-product","3":"status-publish","5":"product_cat-yenilebilir-cicekler","6":"product_tag-edible","7":"product_tag-flower","8":"clearfix","10":"first","11":"instock","12":"shipping-taxable","13":"purchasable","14":"product-type-simple"},"_links":{"self":[{"href":"https:\/\/zwhosting.tr\/index.php?rest_route=\/wp\/v2\/product\/545","targetHints":{"allow":["GET"]}}],"collection":[{"href":"https:\/\/zwhosting.tr\/index.php?rest_route=\/wp\/v2\/product"}],"about":[{"href":"https:\/\/zwhosting.tr\/index.php?rest_route=\/wp\/v2\/types\/product"}],"wp:attachment":[{"href":"https:\/\/zwhosting.tr\/index.php?rest_route=%2Fwp%2Fv2%2Fmedia&parent=545"}],"wp:term":[{"taxonomy":"product_brand","embeddable":true,"href":"https:\/\/zwhosting.tr\/index.php?rest_route=%2Fwp%2Fv2%2Fproduct_brand&post=545"},{"taxonomy":"product_cat","embeddable":true,"href":"https:\/\/zwhosting.tr\/index.php?rest_route=%2Fwp%2Fv2%2Fproduct_cat&post=545"},{"taxonomy":"product_tag","embeddable":true,"href":"https:\/\/zwhosting.tr\/index.php?rest_route=%2Fwp%2Fv2%2Fproduct_tag&post=545"}],"curies":[{"name":"wp","href":"https:\/\/api.w.org\/{rel}","templated":true}]}}