{"id":546,"date":"2026-04-04T12:40:11","date_gmt":"2026-04-04T12:40:11","guid":{"rendered":"https:\/\/zwhosting.tr\/?product=kabak-cicegi-4"},"modified":"2026-04-04T12:40:11","modified_gmt":"2026-04-04T12:40:11","slug":"kabak-cicegi-4","status":"publish","type":"product","link":"https:\/\/zwhosting.tr\/?product=kabak-cicegi-4","title":{"rendered":"Kabak \u00c7i\u00e7e\u011fi"},"content":{"rendered":"<p>Akdeniz mutfa\u011f\u0131nda kullan\u0131lan do\u011fal kabak \u00e7i\u00e7e\u011fi.<\/p>\n","protected":false},"excerpt":{"rendered":"<p>Taze kabak \u00e7i\u00e7e\u011fi<\/p>\n","protected":false},"featured_media":0,"template":"","meta":[],"product_brand":[],"product_cat":[69],"product_tag":[125,99],"class_list":{"0":"post-546","1":"product","2":"type-product","3":"status-publish","5":"product_cat-yenilebilir-cicekler","6":"product_tag-flower","7":"product_tag-zucchini","8":"clearfix","10":"first","11":"instock","12":"shipping-taxable","13":"purchasable","14":"product-type-simple"},"_links":{"self":[{"href":"https:\/\/zwhosting.tr\/index.php?rest_route=\/wp\/v2\/product\/546","targetHints":{"allow":["GET"]}}],"collection":[{"href":"https:\/\/zwhosting.tr\/index.php?rest_route=\/wp\/v2\/product"}],"about":[{"href":"https:\/\/zwhosting.tr\/index.php?rest_route=\/wp\/v2\/types\/product"}],"wp:attachment":[{"href":"https:\/\/zwhosting.tr\/index.php?rest_route=%2Fwp%2Fv2%2Fmedia&parent=546"}],"wp:term":[{"taxonomy":"product_brand","embeddable":true,"href":"https:\/\/zwhosting.tr\/index.php?rest_route=%2Fwp%2Fv2%2Fproduct_brand&post=546"},{"taxonomy":"product_cat","embeddable":true,"href":"https:\/\/zwhosting.tr\/index.php?rest_route=%2Fwp%2Fv2%2Fproduct_cat&post=546"},{"taxonomy":"product_tag","embeddable":true,"href":"https:\/\/zwhosting.tr\/index.php?rest_route=%2Fwp%2Fv2%2Fproduct_tag&post=546"}],"curies":[{"name":"wp","href":"https:\/\/api.w.org\/{rel}","templated":true}]}}