{"id":551,"date":"2026-04-04T12:40:11","date_gmt":"2026-04-04T12:40:11","guid":{"rendered":"https:\/\/zwhosting.tr\/?product=reyhan-cicegi-4"},"modified":"2026-04-04T12:40:11","modified_gmt":"2026-04-04T12:40:11","slug":"reyhan-cicegi-4","status":"publish","type":"product","link":"https:\/\/zwhosting.tr\/?product=reyhan-cicegi-4","title":{"rendered":"Reyhan \u00c7i\u00e7e\u011fi"},"content":{"rendered":"<p>Akdeniz mutfa\u011f\u0131nda kullan\u0131lan g\u00fc\u00e7l\u00fc aromal\u0131 reyhan.<\/p>\n","protected":false},"excerpt":{"rendered":"<p>Aromatik reyhan<\/p>\n","protected":false},"featured_media":0,"template":"","meta":[],"product_brand":[],"product_cat":[63],"product_tag":[111],"class_list":{"0":"post-551","1":"product","2":"type-product","3":"status-publish","5":"product_cat-taze-baharatlar","6":"product_tag-basil","7":"clearfix","9":"first","10":"instock","11":"shipping-taxable","12":"purchasable","13":"product-type-simple"},"_links":{"self":[{"href":"https:\/\/zwhosting.tr\/index.php?rest_route=\/wp\/v2\/product\/551","targetHints":{"allow":["GET"]}}],"collection":[{"href":"https:\/\/zwhosting.tr\/index.php?rest_route=\/wp\/v2\/product"}],"about":[{"href":"https:\/\/zwhosting.tr\/index.php?rest_route=\/wp\/v2\/types\/product"}],"wp:attachment":[{"href":"https:\/\/zwhosting.tr\/index.php?rest_route=%2Fwp%2Fv2%2Fmedia&parent=551"}],"wp:term":[{"taxonomy":"product_brand","embeddable":true,"href":"https:\/\/zwhosting.tr\/index.php?rest_route=%2Fwp%2Fv2%2Fproduct_brand&post=551"},{"taxonomy":"product_cat","embeddable":true,"href":"https:\/\/zwhosting.tr\/index.php?rest_route=%2Fwp%2Fv2%2Fproduct_cat&post=551"},{"taxonomy":"product_tag","embeddable":true,"href":"https:\/\/zwhosting.tr\/index.php?rest_route=%2Fwp%2Fv2%2Fproduct_tag&post=551"}],"curies":[{"name":"wp","href":"https:\/\/api.w.org\/{rel}","templated":true}]}}