{"id":553,"date":"2026-04-04T12:40:11","date_gmt":"2026-04-04T12:40:11","guid":{"rendered":"https:\/\/zwhosting.tr\/?product=oxalis-yapragi-4"},"modified":"2026-04-04T12:40:11","modified_gmt":"2026-04-04T12:40:11","slug":"oxalis-yapragi-4","status":"publish","type":"product","link":"https:\/\/zwhosting.tr\/?product=oxalis-yapragi-4","title":{"rendered":"Oxalis Yapra\u011f\u0131"},"content":{"rendered":"<p>Limon benzeri ek\u015fi aromaya sahip oxalis yapra\u011f\u0131.<\/p>\n","protected":false},"excerpt":{"rendered":"<p>Ek\u015fi aromal\u0131 yaprak<\/p>\n","protected":false},"featured_media":0,"template":"","meta":[],"product_brand":[],"product_cat":[123],"product_tag":[142,135],"class_list":{"0":"post-553","1":"product","2":"type-product","3":"status-publish","5":"product_cat-mikro-yesillikler","6":"product_tag-leaf","7":"product_tag-sour","8":"clearfix","10":"first","11":"instock","12":"shipping-taxable","13":"purchasable","14":"product-type-simple"},"_links":{"self":[{"href":"https:\/\/zwhosting.tr\/index.php?rest_route=\/wp\/v2\/product\/553","targetHints":{"allow":["GET"]}}],"collection":[{"href":"https:\/\/zwhosting.tr\/index.php?rest_route=\/wp\/v2\/product"}],"about":[{"href":"https:\/\/zwhosting.tr\/index.php?rest_route=\/wp\/v2\/types\/product"}],"wp:attachment":[{"href":"https:\/\/zwhosting.tr\/index.php?rest_route=%2Fwp%2Fv2%2Fmedia&parent=553"}],"wp:term":[{"taxonomy":"product_brand","embeddable":true,"href":"https:\/\/zwhosting.tr\/index.php?rest_route=%2Fwp%2Fv2%2Fproduct_brand&post=553"},{"taxonomy":"product_cat","embeddable":true,"href":"https:\/\/zwhosting.tr\/index.php?rest_route=%2Fwp%2Fv2%2Fproduct_cat&post=553"},{"taxonomy":"product_tag","embeddable":true,"href":"https:\/\/zwhosting.tr\/index.php?rest_route=%2Fwp%2Fv2%2Fproduct_tag&post=553"}],"curies":[{"name":"wp","href":"https:\/\/api.w.org\/{rel}","templated":true}]}}