{"id":554,"date":"2026-04-04T12:40:11","date_gmt":"2026-04-04T12:40:11","guid":{"rendered":"https:\/\/zwhosting.tr\/?product=salatalik-filizi-3"},"modified":"2026-04-04T12:40:11","modified_gmt":"2026-04-04T12:40:11","slug":"salatalik-filizi-3","status":"publish","type":"product","link":"https:\/\/zwhosting.tr\/?product=salatalik-filizi-3","title":{"rendered":"Salatal\u0131k Filizi"},"content":{"rendered":"<p>\u00c7\u0131t\u0131r yap\u0131l\u0131 salatal\u0131k filizi.<\/p>\n","protected":false},"excerpt":{"rendered":"<p>Taze filiz<\/p>\n","protected":false},"featured_media":0,"template":"","meta":[],"product_brand":[],"product_cat":[123],"product_tag":[136],"class_list":{"0":"post-554","1":"product","2":"type-product","3":"status-publish","5":"product_cat-mikro-yesillikler","6":"product_tag-sprout","7":"clearfix","9":"first","10":"instock","11":"shipping-taxable","12":"purchasable","13":"product-type-simple"},"_links":{"self":[{"href":"https:\/\/zwhosting.tr\/index.php?rest_route=\/wp\/v2\/product\/554","targetHints":{"allow":["GET"]}}],"collection":[{"href":"https:\/\/zwhosting.tr\/index.php?rest_route=\/wp\/v2\/product"}],"about":[{"href":"https:\/\/zwhosting.tr\/index.php?rest_route=\/wp\/v2\/types\/product"}],"wp:attachment":[{"href":"https:\/\/zwhosting.tr\/index.php?rest_route=%2Fwp%2Fv2%2Fmedia&parent=554"}],"wp:term":[{"taxonomy":"product_brand","embeddable":true,"href":"https:\/\/zwhosting.tr\/index.php?rest_route=%2Fwp%2Fv2%2Fproduct_brand&post=554"},{"taxonomy":"product_cat","embeddable":true,"href":"https:\/\/zwhosting.tr\/index.php?rest_route=%2Fwp%2Fv2%2Fproduct_cat&post=554"},{"taxonomy":"product_tag","embeddable":true,"href":"https:\/\/zwhosting.tr\/index.php?rest_route=%2Fwp%2Fv2%2Fproduct_tag&post=554"}],"curies":[{"name":"wp","href":"https:\/\/api.w.org\/{rel}","templated":true}]}}