{"id":557,"date":"2026-04-04T12:40:12","date_gmt":"2026-04-04T12:40:12","guid":{"rendered":"https:\/\/zwhosting.tr\/?product=cennet-kusu-4"},"modified":"2026-04-04T12:40:12","modified_gmt":"2026-04-04T12:40:12","slug":"cennet-kusu-4","status":"publish","type":"product","link":"https:\/\/zwhosting.tr\/?product=cennet-kusu-4","title":{"rendered":"Cennet Ku\u015fu"},"content":{"rendered":"<p>Tropikal g\u00f6r\u00fcn\u00fcm\u00fcyle dekoratif \u00e7i\u00e7ek.<\/p>\n","protected":false},"excerpt":{"rendered":"<p>Egzotik \u00e7i\u00e7ek<\/p>\n","protected":false},"featured_media":0,"template":"","meta":[],"product_brand":[],"product_cat":[119],"product_tag":[120],"class_list":{"0":"post-557","1":"product","2":"type-product","3":"status-publish","5":"product_cat-egzotik-cicekler","6":"product_tag-strelitzia","7":"clearfix","9":"first","10":"instock","11":"shipping-taxable","12":"purchasable","13":"product-type-simple"},"_links":{"self":[{"href":"https:\/\/zwhosting.tr\/index.php?rest_route=\/wp\/v2\/product\/557","targetHints":{"allow":["GET"]}}],"collection":[{"href":"https:\/\/zwhosting.tr\/index.php?rest_route=\/wp\/v2\/product"}],"about":[{"href":"https:\/\/zwhosting.tr\/index.php?rest_route=\/wp\/v2\/types\/product"}],"wp:attachment":[{"href":"https:\/\/zwhosting.tr\/index.php?rest_route=%2Fwp%2Fv2%2Fmedia&parent=557"}],"wp:term":[{"taxonomy":"product_brand","embeddable":true,"href":"https:\/\/zwhosting.tr\/index.php?rest_route=%2Fwp%2Fv2%2Fproduct_brand&post=557"},{"taxonomy":"product_cat","embeddable":true,"href":"https:\/\/zwhosting.tr\/index.php?rest_route=%2Fwp%2Fv2%2Fproduct_cat&post=557"},{"taxonomy":"product_tag","embeddable":true,"href":"https:\/\/zwhosting.tr\/index.php?rest_route=%2Fwp%2Fv2%2Fproduct_tag&post=557"}],"curies":[{"name":"wp","href":"https:\/\/api.w.org\/{rel}","templated":true}]}}