{"id":562,"date":"2026-04-04T12:40:12","date_gmt":"2026-04-04T12:40:12","guid":{"rendered":"https:\/\/zwhosting.tr\/?product=mikro-ispanak"},"modified":"2026-04-04T12:40:12","modified_gmt":"2026-04-04T12:40:12","slug":"mikro-ispanak","status":"publish","type":"product","link":"https:\/\/zwhosting.tr\/?product=mikro-ispanak","title":{"rendered":"Mikro Ispanak"},"content":{"rendered":"<p>Yumu\u015fak dokulu mikro \u0131spanak yapraklar\u0131.<\/p>\n","protected":false},"excerpt":{"rendered":"<p>Gen\u00e7 \u0131spanak<\/p>\n","protected":false},"featured_media":0,"template":"","meta":[],"product_brand":[],"product_cat":[123],"product_tag":[145],"class_list":{"0":"post-562","1":"product","2":"type-product","3":"status-publish","5":"product_cat-mikro-yesillikler","6":"product_tag-spinach","7":"clearfix","9":"first","10":"instock","11":"shipping-taxable","12":"purchasable","13":"product-type-simple"},"_links":{"self":[{"href":"https:\/\/zwhosting.tr\/index.php?rest_route=\/wp\/v2\/product\/562","targetHints":{"allow":["GET"]}}],"collection":[{"href":"https:\/\/zwhosting.tr\/index.php?rest_route=\/wp\/v2\/product"}],"about":[{"href":"https:\/\/zwhosting.tr\/index.php?rest_route=\/wp\/v2\/types\/product"}],"wp:attachment":[{"href":"https:\/\/zwhosting.tr\/index.php?rest_route=%2Fwp%2Fv2%2Fmedia&parent=562"}],"wp:term":[{"taxonomy":"product_brand","embeddable":true,"href":"https:\/\/zwhosting.tr\/index.php?rest_route=%2Fwp%2Fv2%2Fproduct_brand&post=562"},{"taxonomy":"product_cat","embeddable":true,"href":"https:\/\/zwhosting.tr\/index.php?rest_route=%2Fwp%2Fv2%2Fproduct_cat&post=562"},{"taxonomy":"product_tag","embeddable":true,"href":"https:\/\/zwhosting.tr\/index.php?rest_route=%2Fwp%2Fv2%2Fproduct_tag&post=562"}],"curies":[{"name":"wp","href":"https:\/\/api.w.org\/{rel}","templated":true}]}}