{"id":564,"date":"2026-04-04T12:40:12","date_gmt":"2026-04-04T12:40:12","guid":{"rendered":"https:\/\/zwhosting.tr\/?product=akasya-cicegi"},"modified":"2026-04-04T12:40:12","modified_gmt":"2026-04-04T12:40:12","slug":"akasya-cicegi","status":"publish","type":"product","link":"https:\/\/zwhosting.tr\/?product=akasya-cicegi","title":{"rendered":"Akasya \u00c7i\u00e7e\u011fi"},"content":{"rendered":"<p>Tatl\u0131 aromal\u0131 akasya \u00e7i\u00e7e\u011fi.<\/p>\n","protected":false},"excerpt":{"rendered":"<p>Hafif tatl\u0131 \u00e7i\u00e7ek<\/p>\n","protected":false},"featured_media":0,"template":"","meta":[],"product_brand":[],"product_cat":[69],"product_tag":[147],"class_list":{"0":"post-564","1":"product","2":"type-product","3":"status-publish","5":"product_cat-yenilebilir-cicekler","6":"product_tag-acacia","7":"clearfix","9":"first","10":"instock","11":"shipping-taxable","12":"purchasable","13":"product-type-simple"},"_links":{"self":[{"href":"https:\/\/zwhosting.tr\/index.php?rest_route=\/wp\/v2\/product\/564","targetHints":{"allow":["GET"]}}],"collection":[{"href":"https:\/\/zwhosting.tr\/index.php?rest_route=\/wp\/v2\/product"}],"about":[{"href":"https:\/\/zwhosting.tr\/index.php?rest_route=\/wp\/v2\/types\/product"}],"wp:attachment":[{"href":"https:\/\/zwhosting.tr\/index.php?rest_route=%2Fwp%2Fv2%2Fmedia&parent=564"}],"wp:term":[{"taxonomy":"product_brand","embeddable":true,"href":"https:\/\/zwhosting.tr\/index.php?rest_route=%2Fwp%2Fv2%2Fproduct_brand&post=564"},{"taxonomy":"product_cat","embeddable":true,"href":"https:\/\/zwhosting.tr\/index.php?rest_route=%2Fwp%2Fv2%2Fproduct_cat&post=564"},{"taxonomy":"product_tag","embeddable":true,"href":"https:\/\/zwhosting.tr\/index.php?rest_route=%2Fwp%2Fv2%2Fproduct_tag&post=564"}],"curies":[{"name":"wp","href":"https:\/\/api.w.org\/{rel}","templated":true}]}}