{"id":568,"date":"2026-04-04T13:20:37","date_gmt":"2026-04-04T13:20:37","guid":{"rendered":"https:\/\/zwhosting.tr\/?product=gul-yapragi"},"modified":"2026-04-04T13:20:37","modified_gmt":"2026-04-04T13:20:37","slug":"gul-yapragi","status":"publish","type":"product","link":"https:\/\/zwhosting.tr\/?product=gul-yapragi","title":{"rendered":"G\u00fcl Yapra\u011f\u0131"},"content":{"rendered":"<p>Premium g\u00fcl yapra\u011f\u0131.<\/p>\n","protected":false},"excerpt":{"rendered":"<p>Premium g\u00fcl yapra\u011f\u0131.<\/p>\n","protected":false},"featured_media":0,"template":"","meta":[],"product_brand":[],"product_cat":[],"product_tag":[],"class_list":{"0":"post-568","1":"product","2":"type-product","3":"status-publish","5":"clearfix","7":"first","8":"instock","9":"shipping-taxable","10":"product-type-simple"},"_links":{"self":[{"href":"https:\/\/zwhosting.tr\/index.php?rest_route=\/wp\/v2\/product\/568","targetHints":{"allow":["GET"]}}],"collection":[{"href":"https:\/\/zwhosting.tr\/index.php?rest_route=\/wp\/v2\/product"}],"about":[{"href":"https:\/\/zwhosting.tr\/index.php?rest_route=\/wp\/v2\/types\/product"}],"wp:attachment":[{"href":"https:\/\/zwhosting.tr\/index.php?rest_route=%2Fwp%2Fv2%2Fmedia&parent=568"}],"wp:term":[{"taxonomy":"product_brand","embeddable":true,"href":"https:\/\/zwhosting.tr\/index.php?rest_route=%2Fwp%2Fv2%2Fproduct_brand&post=568"},{"taxonomy":"product_cat","embeddable":true,"href":"https:\/\/zwhosting.tr\/index.php?rest_route=%2Fwp%2Fv2%2Fproduct_cat&post=568"},{"taxonomy":"product_tag","embeddable":true,"href":"https:\/\/zwhosting.tr\/index.php?rest_route=%2Fwp%2Fv2%2Fproduct_tag&post=568"}],"curies":[{"name":"wp","href":"https:\/\/api.w.org\/{rel}","templated":true}]}}